{"id":25,"date":"2025-07-16T19:01:37","date_gmt":"2025-07-16T19:01:37","guid":{"rendered":"https:\/\/richdigit.com\/?page_id=25"},"modified":"2025-07-30T14:45:16","modified_gmt":"2025-07-30T14:45:16","slug":"about","status":"publish","type":"page","link":"https:\/\/www.richdigit.com\/fr\/about\/","title":{"rendered":"\u00c0 propos"},"content":{"rendered":"<div data-elementor-type=\"wp-page\" data-elementor-id=\"25\" class=\"elementor elementor-25\" data-elementor-post-type=\"page\">\n\t\t\t\t<div data-particle_enable=\"false\" data-particle-mobile-disabled=\"false\" data-ka-cursor-size=\"1\" class=\"elementor-element elementor-element-7e302f9 e-flex e-con-boxed e-con e-parent\" data-id=\"7e302f9\" data-element_type=\"container\" data-e-type=\"container\" data-settings=\"{&quot;kng_cursor_interaction&quot;:&quot;default&quot;,&quot;kng_cursor_magnetic&quot;:&quot;none&quot;,&quot;kng_cursor_size_multiplier&quot;:{&quot;unit&quot;:&quot;px&quot;,&quot;size&quot;:1,&quot;sizes&quot;:[]}}\">\n\t\t\t\t\t<div class=\"e-con-inner\">\n\t\t\t\t<div data-ka-cursor-size=\"1\" class=\"elementor-element elementor-element-5ab9715 elementor-widget elementor-widget-heading\" data-id=\"5ab9715\" data-element_type=\"widget\" data-e-type=\"widget\" data-settings=\"{&quot;kng_cursor_interaction&quot;:&quot;default&quot;,&quot;kng_cursor_magnetic&quot;:&quot;none&quot;,&quot;kng_cursor_size_multiplier&quot;:{&quot;unit&quot;:&quot;px&quot;,&quot;size&quot;:1,&quot;sizes&quot;:[]}}\" data-widget_type=\"heading.default\">\n\t\t\t\t\t<h1 class=\"elementor-heading-title elementor-size-default\">\u00c0 propos<\/h1>\t\t\t\t<\/div>\n\t\t\t\t\t<\/div>\n\t\t\t\t<\/div>\n\t\t<div data-particle_enable=\"false\" data-particle-mobile-disabled=\"false\" data-ka-cursor-size=\"1\" class=\"elementor-element elementor-element-0b9b8f6 e-flex e-con-boxed e-con e-parent\" data-id=\"0b9b8f6\" data-element_type=\"container\" data-e-type=\"container\" data-settings=\"{&quot;kng_cursor_interaction&quot;:&quot;default&quot;,&quot;kng_cursor_magnetic&quot;:&quot;none&quot;,&quot;kng_cursor_size_multiplier&quot;:{&quot;unit&quot;:&quot;px&quot;,&quot;size&quot;:1,&quot;sizes&quot;:[]}}\">\n\t\t\t\t\t<div class=\"e-con-inner\">\n\t\t\t\t<div data-ka-cursor-size=\"1\" class=\"elementor-element elementor-element-37adfa3 elementor-widget elementor-widget-text-editor\" data-id=\"37adfa3\" data-element_type=\"widget\" data-e-type=\"widget\" data-settings=\"{&quot;kng_cursor_interaction&quot;:&quot;default&quot;,&quot;kng_cursor_magnetic&quot;:&quot;none&quot;,&quot;kng_cursor_size_multiplier&quot;:{&quot;unit&quot;:&quot;px&quot;,&quot;size&quot;:1,&quot;sizes&quot;:[]}}\" data-widget_type=\"text-editor.default\">\n\t\t\t\t\t\t\t\t\t<p data-start=\"191\" data-end=\"301\">Notre mission est de concevoir des solutions digitales performantes gr\u00e2ce \u00e0 un design web intelligent et sur mesure.<\/p><p data-start=\"303\" data-end=\"628\">Nous r\u00e9unissons une \u00e9quipe d\u2019experts aux comp\u00e9tences vari\u00e9es \u2014 d\u00e9veloppeurs, designers, strat\u00e8ges et marketeurs \u2014 qui collaborent pour offrir les technologies les plus avanc\u00e9es et des exp\u00e9riences digitales centr\u00e9es sur l\u2019utilisateur. Cette synergie de talents nous permet de cr\u00e9er des sites web innovants et sur mesure, con\u00e7us pour aider les marques \u00e0 prosp\u00e9rer en ligne.<\/p><p data-start=\"630\" data-end=\"949\">Depuis 2019, nous aidons les entreprises \u00e0 acc\u00e9l\u00e9rer leur pr\u00e9sence digitale gr\u00e2ce \u00e0 des sites web sur mesure, un design UX\/UI de qualit\u00e9, une optimisation SEO, des plateformes e-commerce, une compatibilit\u00e9 mobile et des strat\u00e9gies ax\u00e9es sur la performance. Le monde digital \u00e9volue sans cesse \u2014 et nous sommes l\u00e0 pour faire \u00e9voluer votre pr\u00e9sence en ligne avec lui.<\/p><p data-start=\"951\" data-end=\"1077\">Chaque projet que nous r\u00e9alisons est guid\u00e9 par les donn\u00e9es, la cr\u00e9ativit\u00e9 et une strat\u00e9gie claire \u2014 garantissant une croissance mesurable et des r\u00e9sultats concrets.<\/p><p data-start=\"1079\" data-end=\"1201\">D\u00e9couvrez notre portfolio pour voir comment nous transformons les id\u00e9es en r\u00e9alit\u00e9. Construisons ensemble une exp\u00e9rience digitale qui d\u00e9passe vos attentes.<\/p>\t\t\t\t\t\t\t\t<\/div>\n\t\t\t\t\t<\/div>\n\t\t\t\t<\/div>\n\t\t<div data-particle_enable=\"false\" data-particle-mobile-disabled=\"false\" data-ka-cursor-size=\"1\" class=\"elementor-element elementor-element-ca315ec e-flex e-con-boxed e-con e-parent\" data-id=\"ca315ec\" data-element_type=\"container\" data-e-type=\"container\" data-settings=\"{&quot;kng_cursor_interaction&quot;:&quot;default&quot;,&quot;kng_cursor_magnetic&quot;:&quot;none&quot;,&quot;kng_cursor_size_multiplier&quot;:{&quot;unit&quot;:&quot;px&quot;,&quot;size&quot;:1,&quot;sizes&quot;:[]}}\">\n\t\t\t\t\t<div class=\"e-con-inner\">\n\t\t\t\t\t<\/div>\n\t\t\t\t<\/div>\n\t\t\t\t<\/div>","protected":false},"excerpt":{"rendered":"<p>About us Our mission is to craft high-performance digital solutions through smart, custom web design. We bring together a team [&hellip;]<\/p>\n","protected":false},"author":1,"featured_media":0,"parent":0,"menu_order":0,"comment_status":"closed","ping_status":"closed","template":"","meta":{"site-sidebar-layout":"no-sidebar","site-content-layout":"","ast-site-content-layout":"full-width-container","site-content-style":"default","site-sidebar-style":"default","ast-global-header-display":"","ast-banner-title-visibility":"","ast-main-header-display":"","ast-hfb-above-header-display":"","ast-hfb-below-header-display":"","ast-hfb-mobile-header-display":"","site-post-title":"disabled","ast-breadcrumbs-content":"","ast-featured-img":"disabled","footer-sml-layout":"","theme-transparent-header-meta":"default","adv-header-id-meta":"","stick-header-meta":"","header-above-stick-meta":"","header-main-stick-meta":"","header-below-stick-meta":"","astra-migrate-meta-layouts":"set","ast-page-background-enabled":"default","ast-page-background-meta":{"desktop":{"background-color":"var(--ast-global-color-5)","background-image":"","background-repeat":"repeat","background-position":"center center","background-size":"auto","background-attachment":"scroll","background-type":"","background-media":"","overlay-type":"","overlay-color":"","overlay-opacity":"","overlay-gradient":""},"tablet":{"background-color":"","background-image":"","background-repeat":"repeat","background-position":"center center","background-size":"auto","background-attachment":"scroll","background-type":"","background-media":"","overlay-type":"","overlay-color":"","overlay-opacity":"","overlay-gradient":""},"mobile":{"background-color":"","background-image":"","background-repeat":"repeat","background-position":"center center","background-size":"auto","background-attachment":"scroll","background-type":"","background-media":"","overlay-type":"","overlay-color":"","overlay-opacity":"","overlay-gradient":""}},"ast-content-background-meta":{"desktop":{"background-color":"var(--ast-global-color-4)","background-image":"","background-repeat":"repeat","background-position":"center center","background-size":"auto","background-attachment":"scroll","background-type":"","background-media":"","overlay-type":"","overlay-color":"","overlay-opacity":"","overlay-gradient":""},"tablet":{"background-color":"var(--ast-global-color-4)","background-image":"","background-repeat":"repeat","background-position":"center center","background-size":"auto","background-attachment":"scroll","background-type":"","background-media":"","overlay-type":"","overlay-color":"","overlay-opacity":"","overlay-gradient":""},"mobile":{"background-color":"var(--ast-global-color-4)","background-image":"","background-repeat":"repeat","background-position":"center center","background-size":"auto","background-attachment":"scroll","background-type":"","background-media":"","overlay-type":"","overlay-color":"","overlay-opacity":"","overlay-gradient":""}},"footnotes":""},"class_list":["post-25","page","type-page","status-publish","hentry"],"yoast_head":"<!-- This site is optimized with the Yoast SEO Premium plugin v25.5 (Yoast SEO v27.4) - https:\/\/yoast.com\/product\/yoast-seo-premium-wordpress\/ -->\n<title>About<\/title>\n<meta name=\"robots\" content=\"noindex, nofollow\" \/>\n<meta property=\"og:locale\" content=\"fr_FR\" \/>\n<meta property=\"og:type\" content=\"article\" \/>\n<meta property=\"og:title\" content=\"About\" \/>\n<meta property=\"og:description\" content=\"Custom web design agency focused on user experience, performance, and results. Build your brand with Rich Digit\" \/>\n<meta property=\"og:url\" content=\"https:\/\/www.richdigit.com\/fr\/about\/\" \/>\n<meta property=\"article:publisher\" content=\"https:\/\/www.facebook.com\/richdigitagency\" \/>\n<meta property=\"article:modified_time\" content=\"2025-07-30T14:45:16+00:00\" \/>\n<meta property=\"og:image\" content=\"https:\/\/www.richdigit.com\/wp-content\/uploads\/2025\/07\/richdigit.png\" \/>\n\t<meta property=\"og:image:width\" content=\"1552\" \/>\n\t<meta property=\"og:image:height\" content=\"652\" \/>\n\t<meta property=\"og:image:type\" content=\"image\/png\" \/>\n<meta name=\"twitter:card\" content=\"summary_large_image\" \/>\n<meta name=\"twitter:label1\" content=\"Dur\u00e9e de lecture estim\u00e9e\" \/>\n\t<meta name=\"twitter:data1\" content=\"1 minute\" \/>\n<script type=\"application\/ld+json\" class=\"yoast-schema-graph\">{\"@context\":\"https:\\\/\\\/schema.org\",\"@graph\":[{\"@type\":\"WebPage\",\"@id\":\"https:\\\/\\\/www.richdigit.com\\\/about\\\/\",\"url\":\"https:\\\/\\\/www.richdigit.com\\\/about\\\/\",\"name\":\"About\",\"isPartOf\":{\"@id\":\"https:\\\/\\\/www.richdigit.com\\\/#website\"},\"datePublished\":\"2025-07-16T19:01:37+00:00\",\"dateModified\":\"2025-07-30T14:45:16+00:00\",\"breadcrumb\":{\"@id\":\"https:\\\/\\\/www.richdigit.com\\\/about\\\/#breadcrumb\"},\"inLanguage\":\"fr-FR\",\"potentialAction\":[{\"@type\":\"ReadAction\",\"target\":[\"https:\\\/\\\/www.richdigit.com\\\/about\\\/\"]}]},{\"@type\":\"BreadcrumbList\",\"@id\":\"https:\\\/\\\/www.richdigit.com\\\/about\\\/#breadcrumb\",\"itemListElement\":[{\"@type\":\"ListItem\",\"position\":1,\"name\":\"Home\",\"item\":\"https:\\\/\\\/www.richdigit.com\\\/\"},{\"@type\":\"ListItem\",\"position\":2,\"name\":\"About\"}]},{\"@type\":\"WebSite\",\"@id\":\"https:\\\/\\\/www.richdigit.com\\\/#website\",\"url\":\"https:\\\/\\\/www.richdigit.com\\\/\",\"name\":\"Rich Digit | Web Design Agency\",\"description\":\"Rich Digit | Web Design Agency\",\"publisher\":{\"@id\":\"https:\\\/\\\/www.richdigit.com\\\/#organization\"},\"alternateName\":\"RichDigit\",\"potentialAction\":[{\"@type\":\"SearchAction\",\"target\":{\"@type\":\"EntryPoint\",\"urlTemplate\":\"https:\\\/\\\/www.richdigit.com\\\/?s={search_term_string}\"},\"query-input\":{\"@type\":\"PropertyValueSpecification\",\"valueRequired\":true,\"valueName\":\"search_term_string\"}}],\"inLanguage\":\"fr-FR\"},{\"@type\":\"Organization\",\"@id\":\"https:\\\/\\\/www.richdigit.com\\\/#organization\",\"name\":\"RichDigit\",\"alternateName\":\"Richdigit\",\"url\":\"https:\\\/\\\/www.richdigit.com\\\/\",\"logo\":{\"@type\":\"ImageObject\",\"inLanguage\":\"fr-FR\",\"@id\":\"https:\\\/\\\/www.richdigit.com\\\/#\\\/schema\\\/logo\\\/image\\\/\",\"url\":\"https:\\\/\\\/richdigit.com\\\/wp-content\\\/uploads\\\/2025\\\/07\\\/cropped-iconrich.png\",\"contentUrl\":\"https:\\\/\\\/richdigit.com\\\/wp-content\\\/uploads\\\/2025\\\/07\\\/cropped-iconrich.png\",\"width\":512,\"height\":512,\"caption\":\"RichDigit\"},\"image\":{\"@id\":\"https:\\\/\\\/www.richdigit.com\\\/#\\\/schema\\\/logo\\\/image\\\/\"},\"sameAs\":[\"https:\\\/\\\/www.facebook.com\\\/richdigitagency\",\"https:\\\/\\\/www.instagram.com\\\/richdigit.agency\\\/\",\"https:\\\/\\\/www.linkedin.com\\\/company\\\/rich-digit\"],\"description\":\"Custom web design agency focused on user experience, performance, and results. Build your brand with Rich Digit.\",\"email\":\"support@richdigit.com\",\"legalName\":\"Rich Digit\",\"foundingDate\":\"2019-08-05\",\"numberOfEmployees\":{\"@type\":\"QuantitativeValue\",\"minValue\":\"1\",\"maxValue\":\"10\"},\"publishingPrinciples\":\"https:\\\/\\\/www.richdigit.com\\\/privacy-policy\\\/\"}]}<\/script>\n<!-- \/ Yoast SEO Premium plugin. -->","yoast_head_json":{"title":"\u00c0 propos","robots":{"index":"noindex","follow":"nofollow"},"og_locale":"fr_FR","og_type":"article","og_title":"About","og_description":"Custom web design agency focused on user experience, performance, and results. Build your brand with Rich Digit","og_url":"https:\/\/www.richdigit.com\/fr\/about\/","article_publisher":"https:\/\/www.facebook.com\/richdigitagency","article_modified_time":"2025-07-30T14:45:16+00:00","og_image":[{"width":1552,"height":652,"url":"https:\/\/www.richdigit.com\/wp-content\/uploads\/2025\/07\/richdigit.png","type":"image\/png"}],"twitter_card":"summary_large_image","twitter_misc":{"Dur\u00e9e de lecture estim\u00e9e":"1 minute"},"schema":{"@context":"https:\/\/schema.org","@graph":[{"@type":"WebPage","@id":"https:\/\/www.richdigit.com\/about\/","url":"https:\/\/www.richdigit.com\/about\/","name":"\u00c0 propos","isPartOf":{"@id":"https:\/\/www.richdigit.com\/#website"},"datePublished":"2025-07-16T19:01:37+00:00","dateModified":"2025-07-30T14:45:16+00:00","breadcrumb":{"@id":"https:\/\/www.richdigit.com\/about\/#breadcrumb"},"inLanguage":"fr-FR","potentialAction":[{"@type":"ReadAction","target":["https:\/\/www.richdigit.com\/about\/"]}]},{"@type":"BreadcrumbList","@id":"https:\/\/www.richdigit.com\/about\/#breadcrumb","itemListElement":[{"@type":"ListItem","position":1,"name":"Home","item":"https:\/\/www.richdigit.com\/"},{"@type":"ListItem","position":2,"name":"About"}]},{"@type":"WebSite","@id":"https:\/\/www.richdigit.com\/#website","url":"https:\/\/www.richdigit.com\/","name":"Rich Digit | Web Design Agency","description":"Rich Digit | Web Design Agency","publisher":{"@id":"https:\/\/www.richdigit.com\/#organization"},"alternateName":"RichDigit","potentialAction":[{"@type":"SearchAction","target":{"@type":"EntryPoint","urlTemplate":"https:\/\/www.richdigit.com\/?s={search_term_string}"},"query-input":{"@type":"PropertyValueSpecification","valueRequired":true,"valueName":"search_term_string"}}],"inLanguage":"fr-FR"},{"@type":"Organization","@id":"https:\/\/www.richdigit.com\/#organization","name":"RichDigit","alternateName":"Richdigit","url":"https:\/\/www.richdigit.com\/","logo":{"@type":"ImageObject","inLanguage":"fr-FR","@id":"https:\/\/www.richdigit.com\/#\/schema\/logo\/image\/","url":"https:\/\/richdigit.com\/wp-content\/uploads\/2025\/07\/cropped-iconrich.png","contentUrl":"https:\/\/richdigit.com\/wp-content\/uploads\/2025\/07\/cropped-iconrich.png","width":512,"height":512,"caption":"RichDigit"},"image":{"@id":"https:\/\/www.richdigit.com\/#\/schema\/logo\/image\/"},"sameAs":["https:\/\/www.facebook.com\/richdigitagency","https:\/\/www.instagram.com\/richdigit.agency\/","https:\/\/www.linkedin.com\/company\/rich-digit"],"description":"Custom web design agency focused on user experience, performance, and results. Build your brand with Rich Digit.","email":"support@richdigit.com","legalName":"Rich Digit","foundingDate":"2019-08-05","numberOfEmployees":{"@type":"QuantitativeValue","minValue":"1","maxValue":"10"},"publishingPrinciples":"https:\/\/www.richdigit.com\/privacy-policy\/"}]}},"_links":{"self":[{"href":"https:\/\/www.richdigit.com\/fr\/wp-json\/wp\/v2\/pages\/25","targetHints":{"allow":["GET"]}}],"collection":[{"href":"https:\/\/www.richdigit.com\/fr\/wp-json\/wp\/v2\/pages"}],"about":[{"href":"https:\/\/www.richdigit.com\/fr\/wp-json\/wp\/v2\/types\/page"}],"author":[{"embeddable":true,"href":"https:\/\/www.richdigit.com\/fr\/wp-json\/wp\/v2\/users\/1"}],"replies":[{"embeddable":true,"href":"https:\/\/www.richdigit.com\/fr\/wp-json\/wp\/v2\/comments?post=25"}],"version-history":[{"count":0,"href":"https:\/\/www.richdigit.com\/fr\/wp-json\/wp\/v2\/pages\/25\/revisions"}],"wp:attachment":[{"href":"https:\/\/www.richdigit.com\/fr\/wp-json\/wp\/v2\/media?parent=25"}],"curies":[{"name":"wp","href":"https:\/\/api.w.org\/{rel}","templated":true}]}}